{"id":12,"date":"2024-07-14T13:42:12","date_gmt":"2024-07-14T11:42:12","guid":{"rendered":"http:\/\/tap-kraw.pl\/?page_id=12"},"modified":"2024-10-30T12:56:49","modified_gmt":"2024-10-30T11:56:49","slug":"start","status":"publish","type":"page","link":"https:\/\/tap-kraw.pl\/","title":{"rendered":"START"},"content":{"rendered":"\n<h1>\n\t\tTAPICERSTWO I KRAWIECTWO klucz do luksusowego wn\u0119trza samochodu i mieszkania.\n\t<\/h1>\n\t<p>Tw\u00f3j komfort, nasza pasja.<\/p>\n\t\t\t\t<img decoding=\"async\" src=\"http:\/\/tap-kraw.pl\/wp-content\/uploads\/2024\/07\/uslugi_tapicerskie.jpg\" alt=\"uslugi_tapicerskie\" itemprop=\"image\" title=\"uslugi_tapicerskie\" onerror=\"this.style.display='none'\"  \/>\n\t\t\t\t<img decoding=\"async\" src=\"http:\/\/tap-kraw.pl\/wp-content\/uploads\/2024\/07\/tapicerka_samochodowa.jpg\" alt=\"tapicerka_samochodowa\" itemprop=\"image\" title=\"tapicerka_samochodowa\" onerror=\"this.style.display='none'\"  \/>\n\t<p><strong>Odkryj magi\u0119 odnowionych wn\u0119trz dzi\u0119ki naszym profesjonalnym us\u0142ugom tapicerskim!<\/strong><\/p>\n<p>Czy Twoje pufy, fotele, kanapy lub krzes\u0142a potrzebuj\u0105 nowego \u017cycia? A mo\u017ce marzysz o eleganckich zag\u0142\u00f3wkach do sypialni? Nasza firma specjalizuje si\u0119 w kompleksowej renowacji i tapicerowaniu mebli, przekszta\u0142caj\u0105c je w prawdziwe dzie\u0142a sztuki.<\/p>\n<p>Dodatkowo, oferujemy tapicerowanie sprz\u0119tu medycznego, zapewniaj\u0105c komfort i estetyk\u0119 w Twojej plac\u00f3wce. Zaufaj naszym do\u015bwiadczonym fachowcom, kt\u00f3rzy z pasj\u0105 i precyzj\u0105 zadbaj\u0105 o ka\u017cdy detal.<\/p>\n<p>Nie czekaj! Skontaktuj si\u0119 z nami ju\u017c dzi\u015b i przekonaj si\u0119, jak nasze us\u0142ugi mog\u0105 odmieni\u0107 Twoje wn\u0119trza.<\/p>\n\t<p><strong>Odkryj nowy poziom komfortu i stylu dzi\u0119ki naszym us\u0142ugom tapicerki samochodowej!<\/strong><\/p>\n<p>Czy Twoje fotele, zag\u0142\u00f3wki lub kanapy w samochodzie potrzebuj\u0105 od\u015bwie\u017cenia? Nasza firma specjalizuje si\u0119 w profesjonalnym tapicerowaniu wn\u0119trz samochodowych, oferuj\u0105c szeroki wyb\u00f3r materia\u0142\u00f3w, od eleganckiej sk\u00f3ry po nowoczesne tkaniny.<\/p>\n<p>Dzi\u0119ki naszym us\u0142ugom, Twoje auto zyska nowy, luksusowy wygl\u0105d, a podr\u00f3\u017c stanie si\u0119 jeszcze przyjemniejsza. Zaufaj naszym do\u015bwiadczonym fachowcom, kt\u00f3rzy z pasj\u0105 i precyzj\u0105 zadbaj\u0105 o ka\u017cdy detal, zapewniaj\u0105c najwy\u017csz\u0105 jako\u015b\u0107 wykonania.<\/p>\n<p>Nie czekaj! Skontaktuj si\u0119 z nami ju\u017c dzi\u015b i przekonaj si\u0119, jak nasze us\u0142ugi mog\u0105 odmieni\u0107 wn\u0119trze Twojego samochodu.<\/p>\n\t<iframe src=\"https:\/\/www.google.com\/maps\/embed?pb=!1m18!1m12!1m3!1d10113.72937183234!2d18.17765707644803!3d50.67479939440684!2m3!1f0!2f0!3f0!3m2!1i1024!2i768!4f13.1!3m3!1m2!1s0x4710f92d524fb1b7%3A0x22ba6b207b305592!2s46-040%20Schodnia!5e0!3m2!1spl!2spl!4v1724672861316!5m2!1spl!2spl\" width=\"600\" height=\"450\" allowfullscreen=\"\" loading=\"lazy\" referrerpolicy=\"no-referrer-when-downgrade\"><\/iframe>\n\t<h1>Kontakt z nami<\/h1>\n<h4><strong>TAPICERSTWO I KRAWIECTWO<br \/>\n<\/strong><\/h4>\n<h4><strong>Telefon:\u00a0 606 22 20 02<\/strong><\/h4>\n<h4><strong>Adres e-mail: ruslana@o2.pl<\/strong><\/h4>\n<h4><strong>Schodnia 46-040 ul. Powsta\u0144c\u00f3w \u015al\u0105skich 24<\/strong><\/h4>\n\t\t\t\t<img decoding=\"async\" src=\"http:\/\/tap-kraw.pl\/wp-content\/uploads\/2024\/08\/sshot-21-e1724675968869-295x300.jpg\" alt=\"sshot-21\" itemprop=\"image\" title=\"sshot-21\" onerror=\"this.style.display='none'\"  \/>\n\t\t\t\t<img decoding=\"async\" src=\"https:\/\/tap-kraw.pl\/wp-content\/plugins\/bb-plugin\/img\/pixel.png\" alt=\"\" itemprop=\"image\" onerror=\"this.style.display='none'\"  \/>\n\t<h3><strong>szycie na zam\u00f3wienie:<\/strong><\/h3>\n<strong>POKROWCE NA KANAPY, FOTELE, SOFY,<\/strong><br \/>\n<strong>PODUSZKI DEKORACYJNE ORAZ OGRODOWE.<\/strong><br \/>\n<strong>ZAG\u0141\u00d3WKI Z PANELI TAPICEROWANYCH, WEZG\u0141OWIA TAPICEROWANE&#8230;<\/strong><br \/>\n<strong>INTERAKTYWNE MATY DLA DZIECI Z GRUBEJ PIANKI DO LE\u017bENIA I ZABAWY&#8230;<\/strong><br \/>\n<strong>WED\u0141UG PROJEKTU KLIENTA&#8230;<\/strong>\n<ul>\n<li>\n<h3><strong>us\u0142ugi krawieckie &#8230;<\/strong><\/h3>\n<\/li>\n<\/ul>\n\t\t\t\t\t\t\tZADOWOLENIE KLIENT\u00d3W\n\t\t\t100%\n\t\t\t\t\t\t\tOSTATNI ROK\n<h2>\n\t\tNASI KLIENCI\n\t<\/h2>\n\t<p>Obs\u0142ugujemy szerokie grono klient\u00f3w, w tym zar\u00f3wno osoby prywatne, jak i firmy. Nasze us\u0142ugi ciesz\u0105 si\u0119 zaufaniem klient\u00f3w z r\u00f3\u017cnych bran\u017c, kt\u00f3rzy doceniaj\u0105 nasz\u0105 rzetelno\u015b\u0107, profesjonalizm i indywidualne podej\u015bcie do ka\u017cdego zlecenia. Zadowolenie naszych klient\u00f3w jest dla nas priorytetem, dlatego zawsze staramy si\u0119 sprosta\u0107 ich oczekiwaniom i dostarcza\u0107 us\u0142ugi na najwy\u017cszym poziomie.<\/p>\n<h2>\n\t\tNasze motto\n\t<\/h2>\n\t<p><strong>Twoje auto, nasza pasja, idealne po\u0142\u0105czenie.<\/strong><\/p>\n<p><strong>Ods\u0142o\u0144 pi\u0119kno mebli z now\u0105 tapicerk\u0105!<\/strong><\/p>\n<h1>\n\t\tTAP-KRAW\n\t<\/h1>\n\t<h3><strong>ZADZWO\u0143 DO NAS!<\/strong><\/h3>\n<p>Pomo\u017cemy Ci wybra\u0107 najlepsze rozwi\u0105zanie i materia\u0142y, kt\u00f3re spe\u0142ni\u0105 Twoje oczekiwania.<\/p>\n<h4><strong>TAPICERSTWO I KRAWIECTWO<br \/>\n<\/strong><\/h4>\n<h4><strong>Telefon:\u00a0 606 22 20 02<\/strong><\/h4>\n<h4><strong>Adres e-mail: ruslana@o2.pl<\/strong><\/h4>\n<h4><strong>Schodnia 46-040 ul. Powsta\u0144c\u00f3w \u015al\u0105skich 24<\/strong><\/h4>\n\n","protected":false},"excerpt":{"rendered":"<p>TAPICERSTWO I KRAWIECTWO klucz do luksusowego wn\u0119trza samochodu i mieszkania. Tw\u00f3j komfort, nasza pasja. Odkryj magi\u0119 odnowionych wn\u0119trz dzi\u0119ki naszym [&hellip;]<\/p>\n","protected":false},"author":1,"featured_media":0,"parent":0,"menu_order":0,"comment_status":"closed","ping_status":"closed","template":"","meta":{"site-sidebar-layout":"default","site-content-layout":"","ast-site-content-layout":"","site-content-style":"default","site-sidebar-style":"default","ast-global-header-display":"","ast-banner-title-visibility":"","ast-main-header-display":"","ast-hfb-above-header-display":"","ast-hfb-below-header-display":"","ast-hfb-mobile-header-display":"","site-post-title":"","ast-breadcrumbs-content":"","ast-featured-img":"","footer-sml-layout":"","theme-transparent-header-meta":"","adv-header-id-meta":"","stick-header-meta":"","header-above-stick-meta":"","header-main-stick-meta":"","header-below-stick-meta":"","astra-migrate-meta-layouts":"default","ast-page-background-enabled":"default","ast-page-background-meta":{"desktop":{"background-color":"var(--ast-global-color-4)","background-image":"","background-repeat":"repeat","background-position":"center center","background-size":"auto","background-attachment":"scroll","background-type":"","background-media":"","overlay-type":"","overlay-color":"","overlay-opacity":"","overlay-gradient":""},"tablet":{"background-color":"","background-image":"","background-repeat":"repeat","background-position":"center center","background-size":"auto","background-attachment":"scroll","background-type":"","background-media":"","overlay-type":"","overlay-color":"","overlay-opacity":"","overlay-gradient":""},"mobile":{"background-color":"","background-image":"","background-repeat":"repeat","background-position":"center center","background-size":"auto","background-attachment":"scroll","background-type":"","background-media":"","overlay-type":"","overlay-color":"","overlay-opacity":"","overlay-gradient":""}},"ast-content-background-meta":{"desktop":{"background-color":"var(--ast-global-color-5)","background-image":"","background-repeat":"repeat","background-position":"center center","background-size":"auto","background-attachment":"scroll","background-type":"","background-media":"","overlay-type":"","overlay-color":"","overlay-opacity":"","overlay-gradient":""},"tablet":{"background-color":"var(--ast-global-color-5)","background-image":"","background-repeat":"repeat","background-position":"center center","background-size":"auto","background-attachment":"scroll","background-type":"","background-media":"","overlay-type":"","overlay-color":"","overlay-opacity":"","overlay-gradient":""},"mobile":{"background-color":"var(--ast-global-color-5)","background-image":"","background-repeat":"repeat","background-position":"center center","background-size":"auto","background-attachment":"scroll","background-type":"","background-media":"","overlay-type":"","overlay-color":"","overlay-opacity":"","overlay-gradient":""}},"footnotes":""},"class_list":["post-12","page","type-page","status-publish","hentry"],"_links":{"self":[{"href":"https:\/\/tap-kraw.pl\/index.php?rest_route=\/wp\/v2\/pages\/12"}],"collection":[{"href":"https:\/\/tap-kraw.pl\/index.php?rest_route=\/wp\/v2\/pages"}],"about":[{"href":"https:\/\/tap-kraw.pl\/index.php?rest_route=\/wp\/v2\/types\/page"}],"author":[{"embeddable":true,"href":"https:\/\/tap-kraw.pl\/index.php?rest_route=\/wp\/v2\/users\/1"}],"replies":[{"embeddable":true,"href":"https:\/\/tap-kraw.pl\/index.php?rest_route=%2Fwp%2Fv2%2Fcomments&post=12"}],"version-history":[{"count":30,"href":"https:\/\/tap-kraw.pl\/index.php?rest_route=\/wp\/v2\/pages\/12\/revisions"}],"predecessor-version":[{"id":80,"href":"https:\/\/tap-kraw.pl\/index.php?rest_route=\/wp\/v2\/pages\/12\/revisions\/80"}],"wp:attachment":[{"href":"https:\/\/tap-kraw.pl\/index.php?rest_route=%2Fwp%2Fv2%2Fmedia&parent=12"}],"curies":[{"name":"wp","href":"https:\/\/api.w.org\/{rel}","templated":true}]}}